{"id":1058,"date":"2025-01-21T14:05:56","date_gmt":"2025-01-21T14:05:56","guid":{"rendered":"https:\/\/aya-suites.nash-project.name\/?page_id=1058"},"modified":"2026-04-09T09:58:16","modified_gmt":"2026-04-09T09:58:16","slug":"vacaciones-en-familia","status":"publish","type":"page","link":"https:\/\/ayasuites.com\/es\/offres-speciales\/sejours-en-famille\/","title":{"rendered":"Estancias familiares"},"content":{"rendered":"<div class=\"fusion-fullwidth fullwidth-box fusion-builder-row-1 fusion-flex-container has-pattern-background has-mask-background fusion-parallax-fixed nonhundred-percent-fullwidth non-hundred-percent-height-scrolling lazyload\" style=\"--awb-border-radius-top-left:0px;--awb-border-radius-top-right:0px;--awb-border-radius-bottom-right:0px;--awb-border-radius-bottom-left:0px;--awb-padding-top:7%;--awb-padding-right:4%;--awb-padding-bottom:7%;--awb-padding-left:4%;--awb-padding-top-medium:30px;--awb-padding-bottom-medium:30px;--awb-padding-top-small:20px;--awb-padding-right-small:30px;--awb-padding-bottom-small:20px;--awb-padding-left-small:30px;--awb-background-image:linear-gradient(180deg, rgba(0,0,0,0.69) 100%,rgba(0,0,0,0.69) 100%);;--awb-background-size:cover;--awb-flex-wrap:wrap;background-attachment:fixed;\" data-bg=\"https:\/\/ayasuites.com\/wp-content\/uploads\/2025\/01\/aya-suites-marrakech-image-8.webp\" data-bg-gradient=\"linear-gradient(180deg, rgba(0,0,0,0.69) 100%,rgba(0,0,0,0.69) 100%)\" ><div class=\"fusion-builder-row fusion-row fusion-flex-align-items-center fusion-flex-align-content-space-evenly fusion-flex-justify-content-center fusion-flex-content-wrap\" style=\"max-width:1497.6px;margin-left: calc(-4% \/ 2 );margin-right: calc(-4% \/ 2 );\"><div class=\"fusion-layout-column fusion_builder_column fusion-builder-column-0 fusion_builder_column_1_1 1_1 fusion-flex-column fusion-flex-align-self-stretch fusion-animated\" style=\"--awb-padding-top:20px;--awb-padding-right:20px;--awb-padding-bottom:20px;--awb-padding-left:20px;--awb-padding-bottom-medium:0px;--awb-padding-top-small:0px;--awb-padding-right-small:0px;--awb-padding-bottom-small:0px;--awb-padding-left-small:0px;--awb-overflow:hidden;--awb-bg-position:center center;--awb-bg-size:cover;--awb-border-radius:16px 16px 16px 16px;--awb-width-large:100%;--awb-margin-top-large:0px;--awb-spacing-right-large:1.92%;--awb-margin-bottom-large:20px;--awb-spacing-left-large:1.92%;--awb-width-medium:100%;--awb-order-medium:0;--awb-margin-top-medium:0px;--awb-spacing-right-medium:1.92%;--awb-margin-bottom-medium:26px;--awb-spacing-left-medium:1.92%;--awb-width-small:100%;--awb-order-small:0;--awb-margin-top-small:0px;--awb-spacing-right-small:0%;--awb-spacing-left-small:0%;\" data-animationtype=\"fadeInDown\" data-animationduration=\"0.8\" data-animationoffset=\"top-into-view\" data-scroll-devices=\"small-visibility,medium-visibility,large-visibility\"><div class=\"fusion-column-wrapper fusion-column-has-shadow fusion-flex-justify-content-center fusion-content-layout-column\"><nav class=\"fusion-breadcrumbs fusion-breadcrumbs-1\" style=\"--awb-font-size:17px;--awb-text-color:var(--awb-color4);--awb-breadcrumb-sep:&#039;|&#039;;\" aria-label=\"Migas de pan\"><nav aria-label=\"pan rallado\" class=\"rank-math-breadcrumb\"><p><span class=\"last\">Inicio<\/span><\/p><\/nav><\/nav><\/div><\/div><div class=\"fusion-layout-column fusion_builder_column fusion-builder-column-1 fusion_builder_column_2_3 2_3 fusion-flex-column fusion-flex-align-self-stretch fusion-animated\" style=\"--awb-padding-top:20px;--awb-padding-right:20px;--awb-padding-bottom:20px;--awb-padding-left:20px;--awb-padding-bottom-medium:0px;--awb-padding-top-small:0px;--awb-padding-right-small:0px;--awb-padding-bottom-small:0px;--awb-padding-left-small:0px;--awb-overflow:hidden;--awb-bg-position:center center;--awb-bg-size:cover;--awb-border-radius:16px 16px 16px 16px;--awb-width-large:66.666666666667%;--awb-margin-top-large:0px;--awb-spacing-right-large:2.88%;--awb-margin-bottom-large:20px;--awb-spacing-left-large:2.88%;--awb-width-medium:100%;--awb-order-medium:0;--awb-margin-top-medium:0px;--awb-spacing-right-medium:1.92%;--awb-margin-bottom-medium:26px;--awb-spacing-left-medium:1.92%;--awb-width-small:100%;--awb-order-small:0;--awb-margin-top-small:0px;--awb-spacing-right-small:0%;--awb-spacing-left-small:0%;\" data-animationtype=\"fadeInDown\" data-animationduration=\"0.8\" data-animationoffset=\"top-into-view\" data-scroll-devices=\"small-visibility,medium-visibility,large-visibility\"><div class=\"fusion-column-wrapper fusion-column-has-shadow fusion-flex-justify-content-center fusion-content-layout-column\"><div class=\"fusion-title title fusion-title-1 fusion-sep-none fusion-title-center fusion-title-text fusion-title-size-one h2-bf-centr\" style=\"--awb-text-color:var(--awb-color4);--awb-margin-top:0px;--awb-margin-bottom:20px;--awb-margin-top-small:10px;--awb-margin-right-small:0px;--awb-margin-bottom-small:10px;--awb-margin-left-small:0px;--awb-font-size:40px;\"><h1 class=\"fusion-title-heading title-heading-center sm-text-align-left fusion-responsive-typography-calculated\" style=\"margin:0;text-transform:uppercase;font-size:1em;--fontSize:40;line-height:1;\">Ofertas familiares Aya Suites Marrakech<\/h1><\/div><\/div><\/div><div class=\"fusion-layout-column fusion_builder_column fusion-builder-column-2 fusion_builder_column_1_1 1_1 fusion-flex-column fusion-flex-align-self-stretch\" style=\"--awb-padding-bottom:4%;--awb-padding-top-medium:0px;--awb-padding-bottom-medium:0px;--awb-padding-top-small:0px;--awb-padding-right-small:0px;--awb-padding-bottom-small:0px;--awb-padding-left-small:0px;--awb-bg-position:center center;--awb-bg-size:cover;--awb-width-large:100%;--awb-margin-top-large:0px;--awb-spacing-right-large:1.92%;--awb-margin-bottom-large:20px;--awb-spacing-left-large:1.92%;--awb-width-medium:100%;--awb-order-medium:0;--awb-margin-top-medium:0px;--awb-spacing-right-medium:0%;--awb-margin-bottom-medium:21px;--awb-spacing-left-medium:0%;--awb-width-small:100%;--awb-order-small:0;--awb-margin-top-small:0px;--awb-spacing-right-small:0%;--awb-spacing-left-small:0%;\" data-scroll-devices=\"small-visibility,medium-visibility,large-visibility\"><div class=\"fusion-column-wrapper fusion-column-has-shadow fusion-flex-justify-content-center fusion-content-layout-column\"><div class=\"fusion-builder-row fusion-builder-row-inner fusion-row fusion-flex-align-items-center fusion-flex-align-content-space-evenly fusion-flex-justify-content-center fusion-flex-content-wrap\" style=\"--awb-flex-grow:0;--awb-flex-grow-medium:0;--awb-flex-grow-small:0;--awb-flex-shrink:0;--awb-flex-shrink-medium:0;--awb-flex-shrink-small:0;width:104% !important;max-width:104% !important;margin-left: calc(-4% \/ 2 );margin-right: calc(-4% \/ 2 );\"><div class=\"fusion-layout-column fusion_builder_column_inner fusion-builder-nested-column-0 fusion_builder_column_inner_1_2 1_2 fusion-flex-column fusion-flex-align-self-stretch fusion-animated\" style=\"--awb-bg-size:cover;--awb-width-large:50%;--awb-margin-top-large:0px;--awb-spacing-right-large:3.84%;--awb-margin-bottom-large:20px;--awb-spacing-left-large:3.84%;--awb-width-medium:75%;--awb-order-medium:3;--awb-spacing-right-medium:2.56%;--awb-margin-bottom-medium:0px;--awb-spacing-left-medium:2.56%;--awb-width-small:100%;--awb-order-small:1;--awb-spacing-right-small:1.92%;--awb-spacing-left-small:1.92%;\" data-animationtype=\"fadeInLeft\" data-animationduration=\"0.8\" data-animationoffset=\"top-mid-of-view\" data-scroll-devices=\"small-visibility,medium-visibility,large-visibility\"><div class=\"fusion-column-wrapper fusion-column-has-shadow fusion-flex-justify-content-center fusion-content-layout-column\"><div class=\"fusion-image-element\" style=\"--awb-caption-title-font-family:var(--h2_typography-font-family);--awb-caption-title-font-weight:var(--h2_typography-font-weight);--awb-caption-title-font-style:var(--h2_typography-font-style);--awb-caption-title-size:var(--h2_typography-font-size);--awb-caption-title-transform:var(--h2_typography-text-transform);--awb-caption-title-line-height:var(--h2_typography-line-height);--awb-caption-title-letter-spacing:var(--h2_typography-letter-spacing);\"><span class=\"fusion-imageframe imageframe-none imageframe-1 hover-type-none\"><img decoding=\"async\" width=\"1990\" height=\"1662\" title=\"ayasuites-casa\" src=\"https:\/\/ayasuites.com\/wp-content\/uploads\/2025\/01\/ayasuites-home.webp\" data-orig-src=\"https:\/\/ayasuites.com\/wp\/wp-content\/uploads\/2025\/01\/ayasuites-home.webp\" alt class=\"lazyload img-responsive wp-image-953\" srcset=\"data:image\/svg+xml,%3Csvg%20xmlns%3D%27http%3A%2F%2Fwww.w3.org%2F2000%2Fsvg%27%20width%3D%271990%27%20height%3D%271662%27%20viewBox%3D%270%200%201990%201662%27%3E%3Crect%20width%3D%271990%27%20height%3D%271662%27%20fill-opacity%3D%220%22%2F%3E%3C%2Fsvg%3E\" data-srcset=\"https:\/\/ayasuites.com\/wp-content\/uploads\/2025\/01\/ayasuites-home-200x167.webp 200w, https:\/\/ayasuites.com\/wp-content\/uploads\/2025\/01\/ayasuites-home-400x334.webp 400w, https:\/\/ayasuites.com\/wp-content\/uploads\/2025\/01\/ayasuites-home-600x501.webp 600w, https:\/\/ayasuites.com\/wp-content\/uploads\/2025\/01\/ayasuites-home-800x668.webp 800w, https:\/\/ayasuites.com\/wp-content\/uploads\/2025\/01\/ayasuites-home-1200x1002.webp 1200w, https:\/\/ayasuites.com\/wp-content\/uploads\/2025\/01\/ayasuites-home.webp 1990w\" data-sizes=\"auto\" data-orig-sizes=\"(max-width: 640px) 100vw, 800px\" \/><\/span><\/div><\/div><\/div><div class=\"fusion-layout-column fusion_builder_column_inner fusion-builder-nested-column-1 fusion_builder_column_inner_1_2 1_2 fusion-flex-column fusion-flex-align-self-stretch fusion-animated\" style=\"--awb-bg-size:cover;--awb-width-large:50%;--awb-margin-top-large:0px;--awb-spacing-right-large:3.84%;--awb-margin-bottom-large:20px;--awb-spacing-left-large:3.84%;--awb-width-medium:100%;--awb-order-medium:0;--awb-spacing-right-medium:1.92%;--awb-spacing-left-medium:1.92%;--awb-width-small:100%;--awb-order-small:0;--awb-spacing-right-small:1.92%;--awb-spacing-left-small:1.92%;\" data-animationtype=\"fadeInRight\" data-animationduration=\"0.8\" data-animationoffset=\"top-mid-of-view\" data-scroll-devices=\"small-visibility,medium-visibility,large-visibility\"><div class=\"fusion-column-wrapper fusion-column-has-shadow fusion-flex-justify-content-center fusion-content-layout-column\"><div class=\"fusion-title title fusion-title-2 fusion-sep-none fusion-title-text fusion-title-size-two h2-bf-left\" style=\"--awb-text-color:var(--awb-color4);--awb-margin-top:0px;--awb-margin-bottom:0px;--awb-margin-top-small:10px;--awb-margin-right-small:0px;--awb-margin-bottom-small:10px;--awb-margin-left-small:0px;\"><h2 class=\"fusion-title-heading title-heading-left fusion-responsive-typography-calculated\" style=\"margin:0;text-transform:uppercase;--fontSize:31;line-height:var(--awb-typography1-line-height);\">Vacaciones inolvidables en familia en Marrakech<\/h2><\/div><div class=\"fusion-text fusion-text-1\" style=\"--awb-text-color:var(--awb-color4);--awb-margin-top:20px;\"><p>\u00bfSue\u00f1a con unas vacaciones familiares en Marrakech?<br \/>\nAya Suites le da la bienvenida en un entorno c\u00e1lido y acogedor, ideal para compartir momentos preciosos con sus seres queridos.<\/p>\n<\/div><\/div><\/div><\/div><\/div><\/div><div class=\"fusion-layout-column fusion_builder_column fusion-builder-column-3 fusion_builder_column_1_2 1_2 fusion-flex-column fusion-flex-align-self-stretch fusion-animated\" style=\"--awb-padding-top:20px;--awb-padding-right:20px;--awb-padding-bottom:20px;--awb-padding-left:20px;--awb-overflow:hidden;--awb-bg-color:var(--awb-color4);--awb-bg-color-hover:var(--awb-color4);--awb-bg-size:cover;--awb-border-color:var(--awb-color4);--awb-border-top:0;--awb-border-right:0;--awb-border-bottom:0;--awb-border-left:0;--awb-border-style:solid;--awb-border-radius:1px 1px 1px 1px;--awb-width-large:50%;--awb-margin-top-large:0px;--awb-spacing-right-large:15px;--awb-margin-bottom-large:30px;--awb-spacing-left-large:29px;--awb-width-medium:100%;--awb-order-medium:0;--awb-spacing-right-medium:0%;--awb-spacing-left-medium:0%;--awb-width-small:100%;--awb-order-small:0;--awb-spacing-right-small:0%;--awb-margin-bottom-small:21px;--awb-spacing-left-small:0%;\" data-animationtype=\"fadeInRight\" data-animationduration=\"0.8\" data-animationoffset=\"top-mid-of-view\" data-scroll-devices=\"small-visibility,medium-visibility,large-visibility\"><div class=\"fusion-column-wrapper fusion-column-has-shadow fusion-flex-justify-content-flex-start fusion-content-layout-column\"><div class=\"fusion-title title fusion-title-3 fusion-sep-none fusion-title-text fusion-title-size-three\" style=\"--awb-text-color:var(--awb-color1);--awb-margin-top-small:10px;--awb-margin-right-small:0px;--awb-margin-bottom-small:10px;--awb-margin-left-small:0px;\"><h3 class=\"fusion-title-heading title-heading-left fusion-responsive-typography-calculated\" style=\"margin:0;text-transform:capitalize;--fontSize:28;line-height:var(--awb-typography1-line-height);\">Suites amplias y confortables para toda la familia<\/h3><\/div><div class=\"fusion-text fusion-text-2\" style=\"--awb-text-color:var(--awb-color2);\"><p>Nuestras suites familiares ofrecen un espacio generoso y un confort \u00f3ptimo para que todos se sientan a gusto.<\/p>\n<\/div><div class=\"fusion-text fusion-text-3\" style=\"--awb-text-color:var(--awb-color2);\"><p><strong>Varios dormitorios<\/strong> Elija la suite que se adapte al tama\u00f1o de su familia, con 2 \u00f3 3 dormitorios separados para mayor intimidad.<br \/>\n<strong>Un sal\u00f3n acogedor<\/strong> : Disfrute de un amplio y c\u00f3modo sal\u00f3n donde reunirse y compartir momentos de relax con su familia.<br \/>\n<strong>Cocina totalmente equipada <\/strong>: Prepare sus comidas como si estuviera en casa, gracias a nuestras cocinas totalmente equipadas.<br \/>\n<strong>Balc\u00f3n o terraza<\/strong> La zona exterior privada donde podr\u00e1 disfrutar de sus comidas o simplemente relajarse y admirar las vistas.<\/p>\n<\/div><\/div><\/div><div class=\"fusion-layout-column fusion_builder_column fusion-builder-column-4 fusion_builder_column_1_2 1_2 fusion-flex-column fusion-flex-align-self-stretch fusion-animated\" style=\"--awb-padding-top:20px;--awb-padding-right:20px;--awb-padding-bottom:20px;--awb-padding-left:20px;--awb-overflow:hidden;--awb-bg-color:var(--awb-color4);--awb-bg-color-hover:var(--awb-color4);--awb-bg-size:cover;--awb-border-color:var(--awb-color4);--awb-border-style:solid;--awb-border-radius:1px 1px 1px 1px;--awb-width-large:50%;--awb-margin-top-large:0px;--awb-spacing-right-large:29px;--awb-margin-bottom-large:30px;--awb-spacing-left-large:15px;--awb-width-medium:100%;--awb-order-medium:0;--awb-spacing-right-medium:0%;--awb-margin-bottom-medium:27px;--awb-spacing-left-medium:0%;--awb-width-small:100%;--awb-order-small:0;--awb-spacing-right-small:0%;--awb-margin-bottom-small:24px;--awb-spacing-left-small:0%;\" data-animationtype=\"fadeInLeft\" data-animationduration=\"0.8\" data-animationoffset=\"top-mid-of-view\" data-scroll-devices=\"small-visibility,medium-visibility,large-visibility\"><div class=\"fusion-column-wrapper fusion-column-has-shadow fusion-flex-justify-content-flex-start fusion-content-layout-column\"><div class=\"fusion-title title fusion-title-4 fusion-sep-none fusion-title-text fusion-title-size-three\" style=\"--awb-text-color:var(--awb-color1);--awb-margin-top-small:10px;--awb-margin-right-small:0px;--awb-margin-bottom-small:10px;--awb-margin-left-small:0px;\"><h3 class=\"fusion-title-heading title-heading-left fusion-responsive-typography-calculated\" style=\"margin:0;text-transform:capitalize;--fontSize:28;line-height:var(--awb-typography1-line-height);\">Instalaciones y servicios adaptados a los ni\u00f1os<\/h3><\/div><div class=\"fusion-text fusion-text-4\"><p>Hemos pensado en todo para que sus hijos pasen unas vacaciones inolvidables en Marrakech.<\/p>\n<\/div><div class=\"fusion-text fusion-text-5\"><p><strong>Cunas y tronas<\/strong> Disponemos de cunas y tronas para los m\u00e1s peque\u00f1os.<br \/>\n<strong>Juegos y actividades<\/strong> Disponemos de juegos y actividades para mantener entretenidos a sus hijos.<br \/>\n<strong>Servicio de guarder\u00eda<\/strong> : Disfrute de un momento de respiro confiando sus hijos a una ni\u00f1era experimentada y atenta (bajo petici\u00f3n).<\/p>\n<\/div><\/div><\/div><div class=\"fusion-layout-column fusion_builder_column fusion-builder-column-5 fusion_builder_column_1_2 1_2 fusion-flex-column fusion-flex-align-self-stretch fusion-animated\" style=\"--awb-padding-top:20px;--awb-padding-right:20px;--awb-padding-bottom:20px;--awb-padding-left:20px;--awb-overflow:hidden;--awb-bg-color:var(--awb-color4);--awb-bg-color-hover:var(--awb-color4);--awb-bg-size:cover;--awb-border-color:var(--awb-color4);--awb-border-style:solid;--awb-border-radius:1px 1px 1px 1px;--awb-width-large:50%;--awb-margin-top-large:0px;--awb-spacing-right-large:15px;--awb-margin-bottom-large:20px;--awb-spacing-left-large:29px;--awb-width-medium:100%;--awb-order-medium:0;--awb-spacing-right-medium:0%;--awb-margin-bottom-medium:29px;--awb-spacing-left-medium:0%;--awb-width-small:100%;--awb-order-small:0;--awb-spacing-right-small:0%;--awb-margin-bottom-small:21px;--awb-spacing-left-small:0%;\" data-animationtype=\"fadeInLeft\" data-animationduration=\"0.8\" data-animationoffset=\"top-mid-of-view\" data-scroll-devices=\"small-visibility,medium-visibility,large-visibility\"><div class=\"fusion-column-wrapper fusion-column-has-shadow fusion-flex-justify-content-flex-start fusion-content-layout-column\"><div class=\"fusion-title title fusion-title-5 fusion-sep-none fusion-title-text fusion-title-size-three\" style=\"--awb-text-color:var(--awb-color1);--awb-margin-top-small:10px;--awb-margin-right-small:0px;--awb-margin-bottom-small:10px;--awb-margin-left-small:0px;\"><h3 class=\"fusion-title-heading title-heading-left fusion-responsive-typography-calculated\" style=\"margin:0;text-transform:capitalize;--fontSize:28;line-height:var(--awb-typography1-line-height);\">Actividades para todas las edades<\/h3><\/div><div class=\"fusion-text fusion-text-6\"><p>Marrakech ofrece multitud de actividades para toda la familia.<\/p>\n<\/div><div class=\"fusion-text fusion-text-7\"><p><strong>Piscina en la azotea<\/strong> : Pr\u00f3ximamente, disfrute de nuestra piscina en la azotea con vistas panor\u00e1micas para divertirse y relajarse en familia.<br \/>\n<strong>Sal\u00f3n en la azotea<\/strong> A partir de hoy, comparta una copa con la familia en nuestro sal\u00f3n de la azotea y contemple la puesta de sol sobre Marrakech.<br \/>\n<strong>Jardines y parques<\/strong> Descubra los magn\u00edficos jardines de Marrakech, entre ellos el Jard\u00edn Majorelle y el Jard\u00edn Secreto.<br \/>\n<strong>Museos y monumentos<\/strong> Explore la riqueza cultural de Marrakech visitando sus museos y monumentos hist\u00f3ricos.<br \/>\n<strong>Excursiones y actividades<\/strong> Descubra los alrededores de Marrakech con excursiones organizadas por nuestro servicio de conserjer\u00eda.<\/p>\n<\/div><\/div><\/div><div class=\"fusion-layout-column fusion_builder_column fusion-builder-column-6 fusion_builder_column_1_2 1_2 fusion-flex-column fusion-flex-align-self-stretch fusion-animated\" style=\"--awb-padding-top:20px;--awb-padding-right:20px;--awb-padding-bottom:20px;--awb-padding-left:20px;--awb-overflow:hidden;--awb-bg-color:var(--awb-color4);--awb-bg-color-hover:var(--awb-color4);--awb-bg-size:cover;--awb-border-color:var(--awb-color4);--awb-border-style:solid;--awb-border-radius:1px 1px 1px 1px;--awb-width-large:50%;--awb-margin-top-large:0px;--awb-spacing-right-large:29px;--awb-margin-bottom-large:20px;--awb-spacing-left-large:15px;--awb-width-medium:100%;--awb-order-medium:0;--awb-spacing-right-medium:0%;--awb-margin-bottom-medium:0px;--awb-spacing-left-medium:0%;--awb-width-small:100%;--awb-order-small:0;--awb-spacing-right-small:0%;--awb-margin-bottom-small:0px;--awb-spacing-left-small:0%;\" data-animationtype=\"fadeInLeft\" data-animationduration=\"0.8\" data-animationoffset=\"top-mid-of-view\" data-scroll-devices=\"small-visibility,medium-visibility,large-visibility\"><div class=\"fusion-column-wrapper fusion-column-has-shadow fusion-flex-justify-content-flex-start fusion-content-layout-column\"><div class=\"fusion-title title fusion-title-6 fusion-sep-none fusion-title-text fusion-title-size-three\" style=\"--awb-text-color:var(--awb-color1);--awb-margin-top-small:10px;--awb-margin-right-small:0px;--awb-margin-bottom-small:10px;--awb-margin-left-small:0px;\"><h3 class=\"fusion-title-heading title-heading-left fusion-responsive-typography-calculated\" style=\"margin:0;text-transform:capitalize;--fontSize:28;line-height:var(--awb-typography1-line-height);\">Una ubicaci\u00f3n ideal para explorar Marrakech<\/h3><\/div><div class=\"fusion-text fusion-text-8\"><p><strong>Cerca de la medina y de la zona de invernada<\/strong> Descubra el animado ambiente de la medina y sus zocos, palacios y mezquitas.<br \/>\n<strong>F\u00e1cil acceso a los barrios modernos<\/strong> Explore los barrios de Gueliz e Hivernage, con sus tiendas, restaurantes y caf\u00e9s.<br \/>\n<strong>F\u00e1cil de transportar<\/strong> Utilice los taxis o el transporte p\u00fablico para desplazarse f\u00e1cilmente por la ciudad.<\/p>\n<\/div><\/div><\/div><div class=\"fusion-layout-column fusion_builder_column fusion-builder-column-7 fusion_builder_column_3_4 3_4 fusion-flex-column fusion-flex-align-self-stretch fusion-animated\" style=\"--awb-padding-top:0px;--awb-padding-right:0px;--awb-padding-bottom:0px;--awb-padding-left:0px;--awb-padding-bottom-medium:0px;--awb-padding-top-small:0px;--awb-padding-right-small:0px;--awb-padding-bottom-small:0px;--awb-padding-left-small:0px;--awb-bg-position:center center;--awb-bg-size:cover;--awb-width-large:75%;--awb-margin-top-large:3%;--awb-spacing-right-large:2.56%;--awb-margin-bottom-large:5%;--awb-spacing-left-large:2.56%;--awb-width-medium:100%;--awb-order-medium:0;--awb-margin-top-medium:18px;--awb-spacing-right-medium:1.92%;--awb-margin-bottom-medium:0px;--awb-spacing-left-medium:1.92%;--awb-width-small:100%;--awb-order-small:0;--awb-margin-top-small:25px;--awb-spacing-right-small:0%;--awb-margin-bottom-small:0px;--awb-spacing-left-small:0%;\" data-animationtype=\"fadeInDown\" data-animationduration=\"0.8\" data-animationoffset=\"top-mid-of-view\" data-scroll-devices=\"small-visibility,medium-visibility,large-visibility\"><div class=\"fusion-column-wrapper fusion-column-has-shadow fusion-flex-justify-content-center fusion-content-layout-column\"><div class=\"fusion-text fusion-text-9 md-text-align-left sm-text-align-left\" style=\"--awb-content-alignment:center;--awb-text-color:var(--awb-color4);\"><p>Aya Suites es el lugar ideal para pasar unas vacaciones en familia en Marrakech. Nuestras amplias suites, instalaciones adaptadas y ubicaci\u00f3n privilegiada le garantizan una estancia c\u00f3moda e inolvidable.<br \/>\nReserve hoy mismo sus vacaciones familiares y aproveche nuestras ofertas especiales.<\/p>\n<\/div><div class=\"md-text-align-left sm-text-align-left\" style=\"text-align:center;\"><a class=\"fusion-button button-flat fusion-button-default-size button-custom fusion-button-default button-1 fusion-button-default-span fusion-button-default-type btn2\" style=\"--button_accent_color:var(--awb-color4);--button_border_color:var(--awb-color5);--button_accent_hover_color:var(--awb-color1);--button_border_hover_color:var(--awb-color4);--button_gradient_top_color:var(--awb-color1);--button_gradient_bottom_color:var(--awb-color1);--button_gradient_top_color_hover:var(--awb-color4);--button_gradient_bottom_color_hover:var(--awb-color4);\" target=\"_self\" href=\"\/es\/reserva\/\"><span class=\"fusion-button-text awb-button__text awb-button__text--default\">libro<\/span><\/a><\/div><\/div><\/div><\/div><\/div>","protected":false},"excerpt":{"rendered":"","protected":false},"author":1,"featured_media":0,"parent":287,"menu_order":0,"comment_status":"closed","ping_status":"closed","template":"100-width.php","meta":{"inline_featured_image":false,"footnotes":""},"class_list":["post-1058","page","type-page","status-publish","hentry"],"_links":{"self":[{"href":"https:\/\/ayasuites.com\/es\/wp-json\/wp\/v2\/pages\/1058","targetHints":{"allow":["GET"]}}],"collection":[{"href":"https:\/\/ayasuites.com\/es\/wp-json\/wp\/v2\/pages"}],"about":[{"href":"https:\/\/ayasuites.com\/es\/wp-json\/wp\/v2\/types\/page"}],"author":[{"embeddable":true,"href":"https:\/\/ayasuites.com\/es\/wp-json\/wp\/v2\/users\/1"}],"replies":[{"embeddable":true,"href":"https:\/\/ayasuites.com\/es\/wp-json\/wp\/v2\/comments?post=1058"}],"version-history":[{"count":13,"href":"https:\/\/ayasuites.com\/es\/wp-json\/wp\/v2\/pages\/1058\/revisions"}],"predecessor-version":[{"id":1349,"href":"https:\/\/ayasuites.com\/es\/wp-json\/wp\/v2\/pages\/1058\/revisions\/1349"}],"up":[{"embeddable":true,"href":"https:\/\/ayasuites.com\/es\/wp-json\/wp\/v2\/pages\/287"}],"wp:attachment":[{"href":"https:\/\/ayasuites.com\/es\/wp-json\/wp\/v2\/media?parent=1058"}],"curies":[{"name":"wp","href":"https:\/\/api.w.org\/{rel}","templated":true}]}}